{"id":112,"date":"2017-01-24T16:34:46","date_gmt":"2017-01-24T15:34:46","guid":{"rendered":"http:\/\/holy-church.ancorathemes.com\/?page_id=112"},"modified":"2020-01-27T16:07:11","modified_gmt":"2020-01-27T15:07:11","slug":"teambildung","status":"publish","type":"page","link":"https:\/\/www.gartner-steffen.de\/en\/teambildung\/","title":{"rendered":"Team building"},"content":{"rendered":"<p>[vc_row][vc_column width=&#8221;1\/4&#8243;][\/vc_column][vc_column width=&#8221;3\/4&#8243;][vc_custom_heading text=&#8221;\u201cComing together is a beginning,<br \/>\nKeeping together is progress.<br \/>\nWorking together is success.\u201d&#8221; font_container=&#8221;tag:h1|text_align:right|color:%234e87a0&#8243; google_fonts=&#8221;font_family:Roboto%20Slab%3A100%2C300%2Cregular%2C700|font_style:100%20light%20regular%3A100%3Anormal&#8221; css_animation=&#8221;fadeInLeft&#8221;][\/vc_column][\/vc_row][vc_row css=&#8221;.vc_custom_1559745482602{padding-bottom: 10% !important;}&#8221;][vc_column][vc_column_text]<\/p>\n<p style=\"text-align: right;\">(Henry Ford I)<\/p>\n<p>[\/vc_column_text][\/vc_column][\/vc_row][vc_row full_width=&#8221;stretch_row_content&#8221; css=&#8221;.vc_custom_1560334524526{padding-top: 11% !important;padding-right: 0px !important;padding-bottom: 10% !important;padding-left: 0px !important;background: #4e87a0 url(https:\/\/www.gartner-steffen.de\/wp-content\/uploads\/2019\/06\/blau2.jpg?id=1334) !important;background-position: center !important;background-repeat: no-repeat !important;background-size: cover !important;}&#8221;][vc_column icons_position=&#8221;left&#8221; css=&#8221;.vc_custom_1560334650954{margin-bottom: 10% !important;}&#8221;][vc_column_text css=&#8221;.vc_custom_1579784040406{padding-bottom: 2% !important;}&#8221;]<\/p>\n<h2 style=\"text-align: center; color: #fff;\">Team Building and Team Development<\/h2>\n<p>[\/vc_column_text][vc_column_text css=&#8221;.vc_custom_1579784065937{padding-right: 0px !important;padding-bottom: 0px !important;padding-left: 0px !important;}&#8221;]\t\t\t<!-- Cool Timeline Free V3.3.0 -->\n\t\t\t<div class=\"ctl-wrapper\" role=\"region\" aria-label=\"Timeline\">\n\t\t\t\t\t\t\t\t<div id=\"cool_timeline_1\" class=\"cool-timeline-wrapper ctl-both-sided ctl-vertical-wrapper\" >\n\t\t\t\t\t<div class=\"ctl-start\"><\/div>\n\t\t\t\t\t<!-- Timeline Container -->\n\t\t\t\t\t<div class=\"ctl-timeline ctl-timeline-container\" data-animation=\"fadeInUp\">\n\t\t\t\t\t\t<!-- Center Line -->\n\t\t\t\t\t\t<div class=\"ctl-inner-line\" role=\"presentation\"><\/div>\n\t\t\t\t\t\t\t\t\t\t\t\t<!-- Timeline Content --><div  id=\"ctl-story-1368\" class=\"ctl-story ctl-story-icon odd ctl-story-right\" data-aos=\"fadeInUp\"   data-story-index=\"1\" role=\"article\"><!-- Story Date --><div class=\"ctl-labels\"><div class=\"ctl-label-big story-date\">June 12<\/div><\/div><!-- Story Icon --><div class=\"ctl-icon\"><i class= \"fa fa fa fa fa fa fa fa fa fa fa fa fa fa fa fa fa fa fa fa far fa-question-circle\" aria-hidden =\"true\"><\/i><\/div> <!-- Story Arrow --><div class=\"ctl-arrow\"><\/div><!-- Story Content --><div class=\"ctl-content\"><!-- Story Title --><div class=\"ctl-title story-1368\" aria-label=\"2\">Why?<\/div><!-- Story Description --><div class=\"ctl-description\"><p>Die Leistungsf\u00e4higkeit eines Unternehmens h\u00e4ngt weitgehend davon ab, wie gut die Zusammenarbeit zwischen den einzelnen Abteilungen und zwischen den einzelnen Mitarbeitern klappt. Egal wie teuer der Maschinenpark auch sein mag, es sind immer die Menschen, die Ergebnisse bringen. Dies am besten Hand in Hand \u2013 durch erfolgreiche und engagierte Zusammenarbeit. Zusammenarbeit l\u00e4sst sich nicht anordnen, sie will gelebt sein. Wenn Menschen neu zusammenkommen oder sich die Teamzusammensetzung \u00e4ndert, braucht es ein Zusammenr\u00fccken, um gemeinsam erfolgreich zu sein. Zusammenarbeit w\u00e4chst nicht \u00fcber Nacht. Ein reifes, leistungsf\u00e4higes Team entwickelt sich erst nach und nach \u2013 nachdem es Probleme gel\u00f6st, Beziehungen vertieft und<\/p>\n<\/div><\/div><\/div><!-- Timeline Content --><div  id=\"ctl-story-1370\" class=\"ctl-story ctl-story-icon even ctl-story-left\" data-aos=\"fadeInUp\"   data-story-index=\"2\" role=\"article\"><!-- Story Date --><div class=\"ctl-labels\"><div class=\"ctl-label-big story-date\">June 11<\/div><\/div><!-- Story Icon --><div class=\"ctl-icon\"><i class= \"fa fas fa-user-friends\" aria-hidden =\"true\"><\/i><\/div> <!-- Story Arrow --><div class=\"ctl-arrow\"><\/div><!-- Story Content --><div class=\"ctl-content\"><!-- Story Title --><div class=\"ctl-title story-1370\" aria-label=\"2\">How long does a Team Building and Development Workshop\/Training last?<\/div><!-- Story Description --><div class=\"ctl-description\"><p>That depends on the size of the team but most of all it depends on the topics that need to be<\/p>\n<\/div><\/div><\/div><!-- Timeline Content --><div  id=\"ctl-story-1392\" class=\"ctl-story ctl-story-icon odd ctl-story-right\" data-aos=\"fadeInUp\"   data-story-index=\"3\" role=\"article\"><!-- Story Date --><div class=\"ctl-labels\"><div class=\"ctl-label-big story-date\">June 10<\/div><\/div><!-- Story Icon --><div class=\"ctl-icon\"><i class= \"fa fas fa-clock\" aria-hidden =\"true\"><\/i><\/div> <!-- Story Arrow --><div class=\"ctl-arrow\"><\/div><!-- Story Content --><div class=\"ctl-content\"><!-- Story Title --><div class=\"ctl-title story-1392\" aria-label=\"2\">How long does a Team Building and Development Workshop\/Training last?<\/div><!-- Story Description --><div class=\"ctl-description\"><p>That depends on the<\/p>\n<\/div><\/div><\/div><!-- Timeline Content --><div  id=\"ctl-story-1395\" class=\"ctl-story ctl-story-icon even ctl-story-left\" data-aos=\"fadeInUp\"   data-story-index=\"4\" role=\"article\"><!-- Story Date --><div class=\"ctl-labels\"><div class=\"ctl-label-big story-date\">June 9<\/div><\/div><!-- Story Icon --><div class=\"ctl-icon\"><i class= \"fa fas fa-user-tie\" aria-hidden =\"true\"><\/i><\/div> <!-- Story Arrow --><div class=\"ctl-arrow\"><\/div><!-- Story Content --><div class=\"ctl-content\"><!-- Story Title --><div class=\"ctl-title story-1395\" aria-label=\"2\">Which role does the manager have in the team process?<\/div><!-- Story Description --><div class=\"ctl-description\"><p>The manager is also a member of the team. Admittedly in a higher position but nevertheless an essential part. Especially when there is a change in management, can a team workshop help to<\/p>\n<\/div><\/div><\/div><!-- Timeline Content --><div  id=\"ctl-story-1397\" class=\"ctl-story ctl-story-icon odd ctl-story-right\" data-aos=\"fadeInUp\"   data-story-index=\"5\" role=\"article\"><!-- Story Date --><div class=\"ctl-labels\"><div class=\"ctl-label-big story-date\">June 8<\/div><\/div><!-- Story Icon --><div class=\"ctl-icon\"><i class= \"fa fas fa-users\" aria-hidden =\"true\"><\/i><\/div> <!-- Story Arrow --><div class=\"ctl-arrow\"><\/div><!-- Story Content --><div class=\"ctl-content\"><!-- Story Title --><div class=\"ctl-title story-1397\" aria-label=\"2\">What happens in a team workshop?<\/div><!-- Story Description --><div class=\"ctl-description\"><p>An essential element is to establish a helpful, and for the respective team, suitable feedback culture. The point here is not for you to expose yourself or give away secrets but to find out<\/p>\n<\/div><\/div><\/div><!-- Timeline Content --><div  id=\"ctl-story-1399\" class=\"ctl-story ctl-story-icon even ctl-story-left\" data-aos=\"fadeInUp\"   data-story-index=\"6\" role=\"article\"><!-- Story Date --><div class=\"ctl-labels\"><div class=\"ctl-label-big story-date\">June 7<\/div><\/div><!-- Story Icon --><div class=\"ctl-icon\"><i class= \"fa fa fa fa fa fa fa fa far fa-comments\" aria-hidden =\"true\"><\/i><\/div> <!-- Story Arrow --><div class=\"ctl-arrow\"><\/div><!-- Story Content --><div class=\"ctl-content\"><!-- Story Title --><div class=\"ctl-title story-1399\" aria-label=\"2\">Why Feedback and Feedback Culture?<\/div><!-- Story Description --><div class=\"ctl-description\"><p>Entscheidend f\u00fcr den Erfolg oder Misserfolg im beruflichen Arbeitsfeld ist nicht, wie ein Mensch ist, sondern wie er von anderen wahrgenommen wird. Wenn ich wei\u00df, wie ich auf andere wirke, hat dies zwei wesentliche Konsequenzen: Erstens verstehe ich das Verhalten meiner Mitmenschen mir selbst gegen\u00fcber besser und zweitens kann ich entscheiden (so ich das will), mein eigenes Verhalten besser \u2013 zielorientierter und situativ angepasster \u2013 zu steuern. Ein pers\u00f6nliches Feedback unterst\u00fctzt zum einen die Sch\u00e4rfung der Selbstwahrnehmung des Einzelnen als Voraussetzung f\u00fcr eine bessere Steuerung des eigenen Verhaltens und zum anderen das Entwickeln von Offenheit, Ehrlichkeit und Vertrauen in den<\/p>\n<\/div><\/div><\/div><!-- Timeline Content --><div  id=\"ctl-story-1401\" class=\"ctl-story ctl-story-icon odd ctl-story-right\" data-aos=\"fadeInUp\"   data-story-index=\"7\" role=\"article\"><!-- Story Date --><div class=\"ctl-labels\"><div class=\"ctl-label-big story-date\">June 6<\/div><\/div><!-- Story Icon --><div class=\"ctl-icon\"><i class= \"fa fas fa-yin-yang\" aria-hidden =\"true\"><\/i><\/div> <!-- Story Arrow --><div class=\"ctl-arrow\"><\/div><!-- Story Content --><div class=\"ctl-content\"><!-- Story Title --><div class=\"ctl-title story-1401\" aria-label=\"2\">Do you want to support your team with this?<\/div><!-- Story Description --><div class=\"ctl-description\"><p>Please send us a mail. We will gladly give you advice and support; together we can develop the exact workshop\/training for your team and your work situations as well as finding answers to your questions and helping to iron out any unclear issues.<\/p>\n<\/div><\/div><\/div>\t\t\t\t\t<\/div>\n\t\t\t\t\t<div class=\"ctl-end\"><\/div>\n\t\t\t\t\t\t\t\t\t<\/div>\n\t\t\t<\/div>\n\t\t\t[\/vc_column_text][\/vc_column][\/vc_row][vc_row scheme=&#8221;scheme_2&#8243; css=&#8221;.vc_custom_1579777450733{padding-top: 10% !important;padding-bottom: 8.3% !important;}&#8221;][vc_column width=&#8221;1\/2&#8243; scheme=&#8221;scheme_2&#8243;]<div id=\"sc_title_1504726382\"\n\t\tclass=\"sc_title sc_title_default\"><h3 class=\"sc_item_title sc_title_title sc_align_left sc_item_title_style_default\">Team Building and Team Development<\/h3><\/div><!-- \/.sc_title -->\n<div class=\"wpcf7 no-js\" id=\"wpcf7-f2615-o1\" lang=\"en-US\" dir=\"ltr\" data-wpcf7-id=\"2615\">\n<div class=\"screen-reader-response\"><p role=\"status\" aria-live=\"polite\" aria-atomic=\"true\"><\/p> <ul><\/ul><\/div>\n<form action=\"\/en\/wp-json\/wp\/v2\/pages\/112#wpcf7-f2615-o1\" method=\"post\" class=\"wpcf7-form init\" aria-label=\"Contact form\" novalidate=\"novalidate\" data-status=\"init\">\n<fieldset class=\"hidden-fields-container\"><input type=\"hidden\" name=\"_wpcf7\" value=\"2615\" \/><input type=\"hidden\" name=\"_wpcf7_version\" value=\"6.1.5\" \/><input type=\"hidden\" name=\"_wpcf7_locale\" value=\"en_US\" \/><input type=\"hidden\" name=\"_wpcf7_unit_tag\" value=\"wpcf7-f2615-o1\" \/><input type=\"hidden\" name=\"_wpcf7_container_post\" value=\"0\" \/><input type=\"hidden\" name=\"_wpcf7_posted_data_hash\" value=\"\" \/>\n<\/fieldset>\n<div class=\"columns_wrap\">\n\t<div class=\"column-1_2\">\n\t\t<p><span class=\"wpcf7-form-control-wrap\" data-name=\"your-name\"><input size=\"40\" maxlength=\"400\" class=\"wpcf7-form-control wpcf7-text wpcf7-validates-as-required\" aria-required=\"true\" aria-invalid=\"false\" placeholder=\"name*\" value=\"\" type=\"text\" name=\"your-name\" \/><\/span>\n\t\t<\/p>\n\t<\/div>\n\t<div class=\"column-1_2\">\n\t\t<p><span class=\"wpcf7-form-control-wrap\" data-name=\"your-email\"><input size=\"40\" maxlength=\"400\" class=\"wpcf7-form-control wpcf7-email wpcf7-validates-as-required wpcf7-text wpcf7-validates-as-email\" aria-required=\"true\" aria-invalid=\"false\" placeholder=\"email*\" value=\"\" type=\"email\" name=\"your-email\" \/><\/span>\n\t\t<\/p>\n\t<\/div>\n\t<div class=\"column-1_1\">\n\t\t<p><span id=\"wpcf7-69e4eb00f1419-wrapper\" class=\"wpcf7-form-control-wrap website-wrap\" style=\"display:none !important; visibility:hidden !important;\"><input type=\"hidden\" name=\"website-time-start\" value=\"1776610048\"><input type=\"hidden\" name=\"website-time-check\" value=\"8\"><label for=\"wpcf7-69e4eb00f1419-field\" class=\"hp-message\">Please leave this field empty.<\/label><input id=\"wpcf7-69e4eb00f1419-field\"  class=\"wpcf7-form-control wpcf7-text\" type=\"text\" name=\"website\" value=\"\" size=\"40\" tabindex=\"-1\" autocomplete=\"new-password\" \/><\/span>\n\t\t<\/p>\n\t<\/div>\n<\/div>\n<div class=\"columns_wrap\">\n\t<div class=\"column-1_1\">\n\t\t<p><span class=\"wpcf7-form-control-wrap\" data-name=\"textarea-message\"><textarea cols=\"40\" rows=\"4\" maxlength=\"2000\" class=\"wpcf7-form-control wpcf7-textarea wpcf7-validates-as-required\" aria-required=\"true\" aria-invalid=\"false\" placeholder=\"message*\" name=\"textarea-message\"><\/textarea><\/span>\n\t\t<\/p>\n\t<\/div>\n<\/div>\n<div class=\"columns_wrap\">\n\t<div class=\"column-1_1\">\n\t\t<p><span class=\"wpcf7-form-control-wrap\" data-name=\"acceptance-86\"><span class=\"wpcf7-form-control wpcf7-acceptance\"><span class=\"wpcf7-list-item\"><label><input type=\"checkbox\" name=\"acceptance-86\" value=\"1\" aria-invalid=\"false\" \/><span class=\"wpcf7-list-item-label\">I agree to the storage and further processing of my data.<\/span><\/label><\/span><\/span><\/span>\n\t\t<\/p>\n\t\t<p><span class=\"\"><input class=\"wpcf7-form-control wpcf7-submit has-spinner\" type=\"submit\" value=\"send\" \/><\/span>\n\t\t<\/p>\n\t<\/div>\n<\/div><div class=\"wpcf7-response-output\" aria-hidden=\"true\"><\/div>\n<\/form>\n<\/div>\n[vc_empty_space height=&#8221;2rem&#8221; hide_on_mobile=&#8221;&#8221;][\/vc_column][vc_column width=&#8221;1\/2&#8243;][vc_images_carousel images=&#8221;3537,3529,3525,3522&#8243; img_size=&#8221;large&#8221; onclick=&#8221;link_no&#8221; mode=&#8221;vertical&#8221; speed=&#8221;3000&#8243; autoplay=&#8221;yes&#8221; hide_pagination_control=&#8221;yes&#8221; hide_prev_next_buttons=&#8221;yes&#8221; wrap=&#8221;yes&#8221;][\/vc_column][\/vc_row]<\/p>\n","protected":false},"excerpt":{"rendered":"<p>[vc_row][vc_column width=&#8221;1\/4&#8243;][\/vc_column][vc_column width=&#8221;3\/4&#8243;][vc_custom_heading text=&#8221;\u201cComing together is a beginning, Keeping together is progress. Working together is success.\u201d&#8221; font_container=&#8221;tag:h1|text_align:right|color:%234e87a0&#8243; google_fonts=&#8221;font_family:Roboto%20Slab%3A100%2C300%2Cregular%2C700|font_style:100%20light%20regular%3A100%3Anormal&#8221; css_animation=&#8221;fadeInLeft&#8221;][\/vc_column][\/vc_row][vc_row css=&#8221;.vc_custom_1559745482602{padding-bottom: 10% !important;}&#8221;][vc_column][vc_column_text] (Henry Ford I) [\/vc_column_text][\/vc_column][\/vc_row][vc_row full_width=&#8221;stretch_row_content&#8221; css=&#8221;.vc_custom_1560334524526{padding-top: 11% !important;padding-right: 0px !important;padding-bottom: 10% !important;padding-left: 0px !important;background: #4e87a0 url(https:\/\/www.gartner-steffen.de\/wp-content\/uploads\/2019\/06\/blau2.jpg?id=1334) !important;background-position: center !important;background-repeat: no-repeat !important;background-size: cover !important;}&#8221;][vc_column icons_position=&#8221;left&#8221; css=&#8221;.vc_custom_1560334650954{margin-bottom: 10% !important;}&#8221;][vc_column_text css=&#8221;.vc_custom_1579784040406{padding-bottom: 2% !important;}&#8221;] Team Building and Team Development [\/vc_column_text][vc_column_text css=&#8221;.vc_custom_1579784065937{padding-right: 0px&hellip;<\/p>\n","protected":false},"author":2,"featured_media":2908,"parent":0,"menu_order":0,"comment_status":"closed","ping_status":"closed","template":"","meta":{"footnotes":""},"class_list":["post-112","page","type-page","status-publish","has-post-thumbnail","hentry"],"translation":{"provider":"WPGlobus","version":"3.0.2","language":"en","enabled_languages":["de","en"],"languages":{"de":{"title":true,"content":true,"excerpt":false},"en":{"title":true,"content":true,"excerpt":false}}},"yoast_head":"<!-- This site is optimized with the Yoast SEO plugin v24.3 - https:\/\/yoast.com\/wordpress\/plugins\/seo\/ -->\n<title>Team building - Gartner-Steffen Team<\/title>\n<meta name=\"robots\" content=\"index, follow, max-snippet:-1, max-image-preview:large, max-video-preview:-1\" \/>\n<link rel=\"canonical\" href=\"https:\/\/www.gartner-steffen.de\/teambildung\/\" \/>\n<meta property=\"og:locale\" content=\"en_US\" \/>\n<meta property=\"og:type\" content=\"article\" \/>\n<meta property=\"og:title\" content=\"Team building - Gartner-Steffen Team\" \/>\n<meta property=\"og:url\" content=\"https:\/\/www.gartner-steffen.de\/teambildung\/\" \/>\n<meta property=\"og:site_name\" content=\"Gartner-Steffen Team\" \/>\n<meta property=\"article:publisher\" content=\"https:\/\/www.facebook.com\/GartnerSteffen\" \/>\n<meta property=\"article:modified_time\" content=\"2020-01-27T15:07:11+00:00\" \/>\n<meta property=\"og:image\" content=\"https:\/\/www.gartner-steffen.de\/wp-content\/uploads\/2019\/08\/blau13.jpg\" \/>\n\t<meta property=\"og:image:width\" content=\"2160\" \/>\n\t<meta property=\"og:image:height\" content=\"1440\" \/>\n\t<meta property=\"og:image:type\" content=\"image\/jpeg\" \/>\n<script type=\"application\/ld+json\" class=\"yoast-schema-graph\">{\"@context\":\"https:\/\/schema.org\",\"@graph\":[{\"@type\":\"WebPage\",\"@id\":\"https:\/\/www.gartner-steffen.de\/teambildung\/\",\"url\":\"https:\/\/www.gartner-steffen.de\/teambildung\/\",\"name\":\"Team building - Gartner-Steffen Team\",\"isPartOf\":{\"@id\":\"https:\/\/www.gartner-steffen.de\/#website\"},\"primaryImageOfPage\":{\"@id\":\"https:\/\/www.gartner-steffen.de\/teambildung\/#primaryimage\"},\"image\":{\"@id\":\"https:\/\/www.gartner-steffen.de\/teambildung\/#primaryimage\"},\"thumbnailUrl\":\"https:\/\/www.gartner-steffen.de\/wp-content\/uploads\/2019\/08\/blau13.jpg\",\"datePublished\":\"2017-01-24T15:34:46+00:00\",\"dateModified\":\"2020-01-27T15:07:11+00:00\",\"breadcrumb\":{\"@id\":\"https:\/\/www.gartner-steffen.de\/teambildung\/#breadcrumb\"},\"inLanguage\":\"en-US\",\"potentialAction\":[{\"@type\":\"ReadAction\",\"target\":[\"https:\/\/www.gartner-steffen.de\/teambildung\/\"]}]},{\"@type\":\"ImageObject\",\"inLanguage\":\"en-US\",\"@id\":\"https:\/\/www.gartner-steffen.de\/teambildung\/#primaryimage\",\"url\":\"https:\/\/www.gartner-steffen.de\/wp-content\/uploads\/2019\/08\/blau13.jpg\",\"contentUrl\":\"https:\/\/www.gartner-steffen.de\/wp-content\/uploads\/2019\/08\/blau13.jpg\",\"width\":2160,\"height\":1440},{\"@type\":\"BreadcrumbList\",\"@id\":\"https:\/\/www.gartner-steffen.de\/teambildung\/#breadcrumb\",\"itemListElement\":[{\"@type\":\"ListItem\",\"position\":1,\"name\":\"Startseite\",\"item\":\"https:\/\/www.gartner-steffen.de\/\"},{\"@type\":\"ListItem\",\"position\":2,\"name\":\"Teambildung\"}]},{\"@type\":\"WebSite\",\"@id\":\"https:\/\/www.gartner-steffen.de\/#website\",\"url\":\"https:\/\/www.gartner-steffen.de\/\",\"name\":\"{:de}Gartner-Steffen Team{:}{:en}Gartner-Steffen Team{:}\",\"description\":\"Personalentwicklung, Coaching und Konfliktberatung\",\"publisher\":{\"@id\":\"https:\/\/www.gartner-steffen.de\/#organization\"},\"potentialAction\":[{\"@type\":\"SearchAction\",\"target\":{\"@type\":\"EntryPoint\",\"urlTemplate\":\"https:\/\/www.gartner-steffen.de\/?s={search_term_string}\"},\"query-input\":{\"@type\":\"PropertyValueSpecification\",\"valueRequired\":true,\"valueName\":\"search_term_string\"}}],\"inLanguage\":\"en-US\"},{\"@type\":\"Organization\",\"@id\":\"https:\/\/www.gartner-steffen.de\/#organization\",\"name\":\"{:de}Gartner-Steffen Team{:}{:en}Gartner-Steffen Team{:}\",\"url\":\"https:\/\/www.gartner-steffen.de\/\",\"logo\":{\"@type\":\"ImageObject\",\"inLanguage\":\"en-US\",\"@id\":\"https:\/\/www.gartner-steffen.de\/#\/schema\/logo\/image\/\",\"url\":\"https:\/\/www.gartner-steffen.de\/wp-content\/uploads\/2019\/08\/Gartner-Steffen_Logo-2.png\",\"contentUrl\":\"https:\/\/www.gartner-steffen.de\/wp-content\/uploads\/2019\/08\/Gartner-Steffen_Logo-2.png\",\"width\":241,\"height\":44,\"caption\":\"{:de}Gartner-Steffen Team{:}{:en}Gartner-Steffen Team{:}\"},\"image\":{\"@id\":\"https:\/\/www.gartner-steffen.de\/#\/schema\/logo\/image\/\"},\"sameAs\":[\"https:\/\/www.facebook.com\/GartnerSteffen\",\"https:\/\/www.linkedin.com\/in\/norman-radtke-835b336a\"]}]}<\/script>\n<!-- \/ Yoast SEO plugin. -->","yoast_head_json":{"title":"Team building - Gartner-Steffen Team","robots":{"index":"index","follow":"follow","max-snippet":"max-snippet:-1","max-image-preview":"max-image-preview:large","max-video-preview":"max-video-preview:-1"},"canonical":"https:\/\/www.gartner-steffen.de\/teambildung\/","og_locale":"en_US","og_type":"article","og_title":"Team building - Gartner-Steffen Team","og_url":"https:\/\/www.gartner-steffen.de\/teambildung\/","og_site_name":"Gartner-Steffen Team","article_publisher":"https:\/\/www.facebook.com\/GartnerSteffen","article_modified_time":"2020-01-27T15:07:11+00:00","og_image":[{"width":2160,"height":1440,"url":"https:\/\/www.gartner-steffen.de\/wp-content\/uploads\/2019\/08\/blau13.jpg","type":"image\/jpeg"}],"schema":{"@context":"https:\/\/schema.org","@graph":[{"@type":"WebPage","@id":"https:\/\/www.gartner-steffen.de\/teambildung\/","url":"https:\/\/www.gartner-steffen.de\/teambildung\/","name":"Team building - Gartner-Steffen Team","isPartOf":{"@id":"https:\/\/www.gartner-steffen.de\/#website"},"primaryImageOfPage":{"@id":"https:\/\/www.gartner-steffen.de\/teambildung\/#primaryimage"},"image":{"@id":"https:\/\/www.gartner-steffen.de\/teambildung\/#primaryimage"},"thumbnailUrl":"https:\/\/www.gartner-steffen.de\/wp-content\/uploads\/2019\/08\/blau13.jpg","datePublished":"2017-01-24T15:34:46+00:00","dateModified":"2020-01-27T15:07:11+00:00","breadcrumb":{"@id":"https:\/\/www.gartner-steffen.de\/teambildung\/#breadcrumb"},"inLanguage":"en-US","potentialAction":[{"@type":"ReadAction","target":["https:\/\/www.gartner-steffen.de\/teambildung\/"]}]},{"@type":"ImageObject","inLanguage":"en-US","@id":"https:\/\/www.gartner-steffen.de\/teambildung\/#primaryimage","url":"https:\/\/www.gartner-steffen.de\/wp-content\/uploads\/2019\/08\/blau13.jpg","contentUrl":"https:\/\/www.gartner-steffen.de\/wp-content\/uploads\/2019\/08\/blau13.jpg","width":2160,"height":1440},{"@type":"BreadcrumbList","@id":"https:\/\/www.gartner-steffen.de\/teambildung\/#breadcrumb","itemListElement":[{"@type":"ListItem","position":1,"name":"Startseite","item":"https:\/\/www.gartner-steffen.de\/"},{"@type":"ListItem","position":2,"name":"Teambildung"}]},{"@type":"WebSite","@id":"https:\/\/www.gartner-steffen.de\/#website","url":"https:\/\/www.gartner-steffen.de\/","name":"{:de}Gartner-Steffen Team{:}{:en}Gartner-Steffen Team{:}","description":"Personalentwicklung, Coaching und Konfliktberatung","publisher":{"@id":"https:\/\/www.gartner-steffen.de\/#organization"},"potentialAction":[{"@type":"SearchAction","target":{"@type":"EntryPoint","urlTemplate":"https:\/\/www.gartner-steffen.de\/?s={search_term_string}"},"query-input":{"@type":"PropertyValueSpecification","valueRequired":true,"valueName":"search_term_string"}}],"inLanguage":"en-US"},{"@type":"Organization","@id":"https:\/\/www.gartner-steffen.de\/#organization","name":"{:de}Gartner-Steffen Team{:}{:en}Gartner-Steffen Team{:}","url":"https:\/\/www.gartner-steffen.de\/","logo":{"@type":"ImageObject","inLanguage":"en-US","@id":"https:\/\/www.gartner-steffen.de\/#\/schema\/logo\/image\/","url":"https:\/\/www.gartner-steffen.de\/wp-content\/uploads\/2019\/08\/Gartner-Steffen_Logo-2.png","contentUrl":"https:\/\/www.gartner-steffen.de\/wp-content\/uploads\/2019\/08\/Gartner-Steffen_Logo-2.png","width":241,"height":44,"caption":"{:de}Gartner-Steffen Team{:}{:en}Gartner-Steffen Team{:}"},"image":{"@id":"https:\/\/www.gartner-steffen.de\/#\/schema\/logo\/image\/"},"sameAs":["https:\/\/www.facebook.com\/GartnerSteffen","https:\/\/www.linkedin.com\/in\/norman-radtke-835b336a"]}]}},"_links":{"self":[{"href":"https:\/\/www.gartner-steffen.de\/en\/wp-json\/wp\/v2\/pages\/112","targetHints":{"allow":["GET"]}}],"collection":[{"href":"https:\/\/www.gartner-steffen.de\/en\/wp-json\/wp\/v2\/pages"}],"about":[{"href":"https:\/\/www.gartner-steffen.de\/en\/wp-json\/wp\/v2\/types\/page"}],"author":[{"embeddable":true,"href":"https:\/\/www.gartner-steffen.de\/en\/wp-json\/wp\/v2\/users\/2"}],"replies":[{"embeddable":true,"href":"https:\/\/www.gartner-steffen.de\/en\/wp-json\/wp\/v2\/comments?post=112"}],"version-history":[{"count":34,"href":"https:\/\/www.gartner-steffen.de\/en\/wp-json\/wp\/v2\/pages\/112\/revisions"}],"predecessor-version":[{"id":4220,"href":"https:\/\/www.gartner-steffen.de\/en\/wp-json\/wp\/v2\/pages\/112\/revisions\/4220"}],"wp:featuredmedia":[{"embeddable":true,"href":"https:\/\/www.gartner-steffen.de\/en\/wp-json\/wp\/v2\/media\/2908"}],"wp:attachment":[{"href":"https:\/\/www.gartner-steffen.de\/en\/wp-json\/wp\/v2\/media?parent=112"}],"curies":[{"name":"wp","href":"https:\/\/api.w.org\/{rel}","templated":true}]}}